{"id":19,"date":"2016-09-05T20:18:10","date_gmt":"2016-09-05T20:18:10","guid":{"rendered":"http:\/\/demos.famethemes.com\/screenr\/?page_id=19"},"modified":"2025-11-11T05:29:20","modified_gmt":"2025-11-11T05:29:20","slug":"kata-rules","status":"publish","type":"page","link":"https:\/\/www.kobushicup.com\/es\/kata-rules\/","title":{"rendered":"Reglas y Regulaciones de Kata"},"content":{"rendered":"<div class=\"entry-content\">\n<h2><strong>Rules and allowed katas per division.<\/strong><\/h2>\n<h2>Divisions:<\/h2>\n<ol>\n<li><a href=\"#first\">First timers<\/a><\/li>\n<li><a href=\"#beginners\">Beginners<\/a><\/li>\n<li><a href=\"#intermediate\">Intermediate<\/a><\/li>\n<li><a href=\"#advanced\">Advanced<\/a><\/li>\n<\/ol>\n<h3 id=\"first\">First timers<\/h3>\n<ul>\n<li>Karate students from 4 to 9 years old.<\/li>\n<li>Only practicing karate for 3 months or less.<\/li>\n<li>May repeat the same kata in every round.<\/li>\n<li>May perform <span style=\"text-decoration: underline;\">only:<\/span> Kihon Kata.<\/li>\n<\/ul>\n<h3 id=\"beginners\">Beginners<\/h3>\n<ul>\n<li>All ages.<\/li>\n<li>May repeat the same kata in every round.<\/li>\n<li>May perform <span style=\"text-decoration: underline;\">only<\/span>:\n<ul>\n<li>Chi No Kata<\/li>\n<li>Fukyu Daichi<\/li>\n<li>Fukyu Daini<\/li>\n<li>Gekisai Daichi<\/li>\n<li>Gekisai Daini<\/li>\n<li>Heian Shodan<\/li>\n<li>Heian Nidan<\/li>\n<li>Junino Kata<\/li>\n<li>Kihon Kata<\/li>\n<li>Pinan Shodan<\/li>\n<li>Pinan Nidan<\/li>\n<li>Taikyoku<\/li>\n<li>Ten No Kata<\/li>\n<\/ul>\n<\/li>\n<li>May repeat the same kata in every round.<\/li>\n<\/ul>\n<h3 id=\"novice\">Novice<\/h3>\n<ol>\n<li style=\"list-style-type: none;\">\n<ul>\n<li>All ages.<\/li>\n<li>May repeat the same kata in every round.<\/li>\n<li>May perform <span style=\"text-decoration: underline;\">only<\/span>:\n<ul>\n<li>Fukyu Ichi<\/li>\n<li>Fukyu Ni<\/li>\n<li>Fukyu San<\/li>\n<li>Gekisai Dai San<\/li>\n<li>Heian Shodan<\/li>\n<li>Heian Nidan<\/li>\n<li>Heian Sandan<\/li>\n<li>Heian Yondan<\/li>\n<li>Heian Godan<\/li>\n<li>Pinan Shodan<\/li>\n<li>Pinan Nidan<\/li>\n<li>Pinan Sandan<\/li>\n<li>Pinan Yondan<\/li>\n<li>Pinan Godan<\/li>\n<\/ul>\n<\/li>\n<li>May repeat the same kata in every round.<\/li>\n<\/ul>\n<\/li>\n<\/ol>\n<h3 id=\"intermediate\">Intermediate<\/h3>\n<ol>\n<li style=\"list-style-type: none;\">\n<ol>\n<li style=\"list-style-type: none;\">\n<ul>\n<li>All ages.<\/li>\n<li>May repeat the same kata in every round.<\/li>\n<li>Katas allowed:\n<ul>\n<li>All Beginners \/\u00a0 Novice katas<\/li>\n<li>Ananko<\/li>\n<li>Aoyagi<\/li>\n<li>Bassai<\/li>\n<li>Bassai Dai<\/li>\n<li>Bassai Sho<\/li>\n<li>Chinte<\/li>\n<li>Garyu<\/li>\n<li>Ishimine Bassai<\/li>\n<li>Itosu Rohai Nidan<\/li>\n<li>Itosu Rohai Sandan<\/li>\n<li>Itosu Rohai Shodan<\/li>\n<li>Jiin<\/li>\n<li>Jion<\/li>\n<li>Jitte<\/li>\n<li>Juroku<\/li>\n<li>Kanku Dai<\/li>\n<li>Kousokun Dai<\/li>\n<li>Kushanku<\/li>\n<li>Matsukaze<\/li>\n<li>Matsumura Rohai<\/li>\n<li>Meikyo<\/li>\n<li>Myojo<\/li>\n<li>Naifanchin Nidan<\/li>\n<li>Naifanchin Sandan<\/li>\n<li>Naifanchin Shodan<\/li>\n<li>Naihanchi<\/li>\n<li>Nijushiho<\/li>\n<li>Niseishi<\/li>\n<li>Pachu<\/li>\n<li>Passai<\/li>\n<li>Rohai<\/li>\n<li>Saifa<\/li>\n<li>Sanchin<\/li>\n<li>Sanseru<\/li>\n<li>Seichin<\/li>\n<li>Seienchin (Seiyunchin)<\/li>\n<li>Seipai<\/li>\n<li>Seiryu<\/li>\n<li>Shinpa<\/li>\n<li>Shinsei<\/li>\n<li>Shisochin<\/li>\n<li>Tekki Nidan<\/li>\n<li>Tekki Sandan<\/li>\n<li>Tekki Shodan<\/li>\n<li>Tensho<\/li>\n<li>Wankan<\/li>\n<\/ul>\n<\/li>\n<li>Katas <strong><span style=\"text-decoration: underline;\">NOT allowed<\/span><\/strong> to perform at this level: Anan, Anan Dai, Chatanyara Kusanku, Chinto, Chibana No Kasanku, Gankaku, Gojushibo, Gojushiho Dai, Gojushiho Sho, Hakucho, Oyadomari No Passai, Kanchin, Kanku Sho, Kosokun (Kushanku) Sho, Kururunfa, Kusanku (except Wado Ryu), Kishimoto No Kushanku, Kyan No Wanshu, Kyan No Chinto, Matusumura Bassai (Passai), Nipaipo, Paiku, Papuren, Seisan (Seishan), Sochin, Sansai, Suparinpei, Tomari Bassai (Passai), Useishi, Unsu (Unshu), Heiku.<\/li>\n<li>May repeat the same kata in every round.<\/li>\n<\/ul>\n<\/li>\n<\/ol>\n<\/li>\n<\/ol>\n<h3 id=\"advanced\">Advanced<\/h3>\n<ol>\n<li style=\"list-style-type: none;\">\n<ul>\n<li>All ages.<\/li>\n<li>All katas are allowed.<\/li>\n<li>Must perform a different kata in the final (&#8220;medal&#8221;) round.<\/li>\n<\/ul>\n<\/li>\n<\/ol>\n<h3><\/h3>\n<\/div>","protected":false},"excerpt":{"rendered":"<p>Las reglas de Kata (forma) seguir\u00e1n las regulaciones de la WKF.<br \/>\nPara obtener m\u00e1s informaci\u00f3n sobre las reglas de las divisiones, Katas aprobadas por divisi\u00f3n y otros detalles, revisa esta secci\u00f3n.<\/p>","protected":false},"author":1,"featured_media":1499,"parent":0,"menu_order":0,"comment_status":"closed","ping_status":"closed","template":"","meta":{"nf_dc_page":"","om_disable_all_campaigns":false,"_monsterinsights_skip_tracking":false,"_monsterinsights_sitenote_active":false,"_monsterinsights_sitenote_note":"","_monsterinsights_sitenote_category":0,"footnotes":""},"class_list":["post-19","page","type-page","status-publish","has-post-thumbnail","hentry"],"yoast_head":"<!-- This site is optimized with the Yoast SEO plugin v27.4 - https:\/\/yoast.com\/product\/yoast-seo-wordpress\/ -->\n<title>Kata rules and regulations - Kobushi Cup<\/title>\n<meta name=\"description\" content=\"kata\" \/>\n<meta name=\"robots\" content=\"index, follow, max-snippet:-1, max-image-preview:large, max-video-preview:-1\" \/>\n<link rel=\"canonical\" href=\"https:\/\/www.kobushicup.com\/es\/kata-rules\/\" \/>\n<meta property=\"og:locale\" content=\"es_ES\" \/>\n<meta property=\"og:type\" content=\"article\" \/>\n<meta property=\"og:title\" content=\"Kata rules and regulations - Kobushi Cup\" \/>\n<meta property=\"og:description\" content=\"kata\" \/>\n<meta property=\"og:url\" content=\"https:\/\/www.kobushicup.com\/es\/kata-rules\/\" \/>\n<meta property=\"og:site_name\" content=\"Kobushi Cup\" \/>\n<meta property=\"article:modified_time\" content=\"2025-11-11T05:29:20+00:00\" \/>\n<meta property=\"og:image\" content=\"https:\/\/www.kobushicup.com\/wp-content\/uploads\/2025\/11\/Kata.jpg\" \/>\n\t<meta property=\"og:image:width\" content=\"1344\" \/>\n\t<meta property=\"og:image:height\" content=\"768\" \/>\n\t<meta property=\"og:image:type\" content=\"image\/jpeg\" \/>\n<meta name=\"twitter:card\" content=\"summary_large_image\" \/>\n<meta name=\"twitter:label1\" content=\"Tiempo estimado de lectura\" \/>\n\t<meta name=\"twitter:data1\" content=\"2 minutos\" \/>\n<script type=\"application\/ld+json\" class=\"yoast-schema-graph\">{\"@context\":\"https:\\\/\\\/schema.org\",\"@graph\":[{\"@type\":\"WebPage\",\"@id\":\"https:\\\/\\\/www.kobushicup.com\\\/kata-rules\\\/\",\"url\":\"https:\\\/\\\/www.kobushicup.com\\\/kata-rules\\\/\",\"name\":\"Kata rules and regulations - Kobushi Cup\",\"isPartOf\":{\"@id\":\"http:\\\/\\\/box5139.temp.domains\\\/~cngstudi\\\/kobushicup\\\/#website\"},\"primaryImageOfPage\":{\"@id\":\"https:\\\/\\\/www.kobushicup.com\\\/kata-rules\\\/#primaryimage\"},\"image\":{\"@id\":\"https:\\\/\\\/www.kobushicup.com\\\/kata-rules\\\/#primaryimage\"},\"thumbnailUrl\":\"https:\\\/\\\/i0.wp.com\\\/www.kobushicup.com\\\/wp-content\\\/uploads\\\/2025\\\/11\\\/Kata.jpg?fit=1344%2C768&ssl=1\",\"datePublished\":\"2016-09-05T20:18:10+00:00\",\"dateModified\":\"2025-11-11T05:29:20+00:00\",\"description\":\"kata\",\"breadcrumb\":{\"@id\":\"https:\\\/\\\/www.kobushicup.com\\\/kata-rules\\\/#breadcrumb\"},\"inLanguage\":\"es\",\"potentialAction\":[{\"@type\":\"ReadAction\",\"target\":[\"https:\\\/\\\/www.kobushicup.com\\\/kata-rules\\\/\"]}]},{\"@type\":\"ImageObject\",\"inLanguage\":\"es\",\"@id\":\"https:\\\/\\\/www.kobushicup.com\\\/kata-rules\\\/#primaryimage\",\"url\":\"https:\\\/\\\/i0.wp.com\\\/www.kobushicup.com\\\/wp-content\\\/uploads\\\/2025\\\/11\\\/Kata.jpg?fit=1344%2C768&ssl=1\",\"contentUrl\":\"https:\\\/\\\/i0.wp.com\\\/www.kobushicup.com\\\/wp-content\\\/uploads\\\/2025\\\/11\\\/Kata.jpg?fit=1344%2C768&ssl=1\",\"width\":1344,\"height\":768},{\"@type\":\"BreadcrumbList\",\"@id\":\"https:\\\/\\\/www.kobushicup.com\\\/kata-rules\\\/#breadcrumb\",\"itemListElement\":[{\"@type\":\"ListItem\",\"position\":1,\"name\":\"Home\",\"item\":\"http:\\\/\\\/box5139.temp.domains\\\/~cngstudi\\\/kobushicup\\\/\"},{\"@type\":\"ListItem\",\"position\":2,\"name\":\"Kata rules and regulations\"}]},{\"@type\":\"WebSite\",\"@id\":\"http:\\\/\\\/box5139.temp.domains\\\/~cngstudi\\\/kobushicup\\\/#website\",\"url\":\"http:\\\/\\\/box5139.temp.domains\\\/~cngstudi\\\/kobushicup\\\/\",\"name\":\"Kobushi Cup\",\"description\":\"The Miami Classic\",\"publisher\":{\"@id\":\"http:\\\/\\\/box5139.temp.domains\\\/~cngstudi\\\/kobushicup\\\/#organization\"},\"potentialAction\":[{\"@type\":\"SearchAction\",\"target\":{\"@type\":\"EntryPoint\",\"urlTemplate\":\"http:\\\/\\\/box5139.temp.domains\\\/~cngstudi\\\/kobushicup\\\/?s={search_term_string}\"},\"query-input\":{\"@type\":\"PropertyValueSpecification\",\"valueRequired\":true,\"valueName\":\"search_term_string\"}}],\"inLanguage\":\"es\"},{\"@type\":\"Organization\",\"@id\":\"http:\\\/\\\/box5139.temp.domains\\\/~cngstudi\\\/kobushicup\\\/#organization\",\"name\":\"Kobushi Cup\",\"url\":\"http:\\\/\\\/box5139.temp.domains\\\/~cngstudi\\\/kobushicup\\\/\",\"logo\":{\"@type\":\"ImageObject\",\"inLanguage\":\"es\",\"@id\":\"http:\\\/\\\/box5139.temp.domains\\\/~cngstudi\\\/kobushicup\\\/#\\\/schema\\\/logo\\\/image\\\/\",\"url\":\"https:\\\/\\\/i0.wp.com\\\/www.kobushicup.com\\\/wp-content\\\/uploads\\\/2023\\\/02\\\/Kobushi-Cup-Logo-Small-01%400.5x.png?fit=72%2C72&ssl=1\",\"contentUrl\":\"https:\\\/\\\/i0.wp.com\\\/www.kobushicup.com\\\/wp-content\\\/uploads\\\/2023\\\/02\\\/Kobushi-Cup-Logo-Small-01%400.5x.png?fit=72%2C72&ssl=1\",\"width\":72,\"height\":72,\"caption\":\"Kobushi Cup\"},\"image\":{\"@id\":\"http:\\\/\\\/box5139.temp.domains\\\/~cngstudi\\\/kobushicup\\\/#\\\/schema\\\/logo\\\/image\\\/\"},\"sameAs\":[\"https:\\\/\\\/www.instagram.com\\\/shihan_quintero\\\/\"]}]}<\/script>\n<!-- \/ Yoast SEO plugin. -->","yoast_head_json":{"title":"Kata rules and regulations - Kobushi Cup","description":"kata","robots":{"index":"index","follow":"follow","max-snippet":"max-snippet:-1","max-image-preview":"max-image-preview:large","max-video-preview":"max-video-preview:-1"},"canonical":"https:\/\/www.kobushicup.com\/es\/kata-rules\/","og_locale":"es_ES","og_type":"article","og_title":"Kata rules and regulations - Kobushi Cup","og_description":"kata","og_url":"https:\/\/www.kobushicup.com\/es\/kata-rules\/","og_site_name":"Kobushi Cup","article_modified_time":"2025-11-11T05:29:20+00:00","og_image":[{"width":1344,"height":768,"url":"https:\/\/www.kobushicup.com\/wp-content\/uploads\/2025\/11\/Kata.jpg","type":"image\/jpeg"}],"twitter_card":"summary_large_image","twitter_misc":{"Tiempo estimado de lectura":"2 minutos"},"schema":{"@context":"https:\/\/schema.org","@graph":[{"@type":"WebPage","@id":"https:\/\/www.kobushicup.com\/kata-rules\/","url":"https:\/\/www.kobushicup.com\/kata-rules\/","name":"Kata rules and regulations - Kobushi Cup","isPartOf":{"@id":"http:\/\/box5139.temp.domains\/~cngstudi\/kobushicup\/#website"},"primaryImageOfPage":{"@id":"https:\/\/www.kobushicup.com\/kata-rules\/#primaryimage"},"image":{"@id":"https:\/\/www.kobushicup.com\/kata-rules\/#primaryimage"},"thumbnailUrl":"https:\/\/i0.wp.com\/www.kobushicup.com\/wp-content\/uploads\/2025\/11\/Kata.jpg?fit=1344%2C768&ssl=1","datePublished":"2016-09-05T20:18:10+00:00","dateModified":"2025-11-11T05:29:20+00:00","description":"kata","breadcrumb":{"@id":"https:\/\/www.kobushicup.com\/kata-rules\/#breadcrumb"},"inLanguage":"es","potentialAction":[{"@type":"ReadAction","target":["https:\/\/www.kobushicup.com\/kata-rules\/"]}]},{"@type":"ImageObject","inLanguage":"es","@id":"https:\/\/www.kobushicup.com\/kata-rules\/#primaryimage","url":"https:\/\/i0.wp.com\/www.kobushicup.com\/wp-content\/uploads\/2025\/11\/Kata.jpg?fit=1344%2C768&ssl=1","contentUrl":"https:\/\/i0.wp.com\/www.kobushicup.com\/wp-content\/uploads\/2025\/11\/Kata.jpg?fit=1344%2C768&ssl=1","width":1344,"height":768},{"@type":"BreadcrumbList","@id":"https:\/\/www.kobushicup.com\/kata-rules\/#breadcrumb","itemListElement":[{"@type":"ListItem","position":1,"name":"Home","item":"http:\/\/box5139.temp.domains\/~cngstudi\/kobushicup\/"},{"@type":"ListItem","position":2,"name":"Kata rules and regulations"}]},{"@type":"WebSite","@id":"http:\/\/box5139.temp.domains\/~cngstudi\/kobushicup\/#website","url":"http:\/\/box5139.temp.domains\/~cngstudi\/kobushicup\/","name":"Copa Kobushi","description":"The Miami Classic","publisher":{"@id":"http:\/\/box5139.temp.domains\/~cngstudi\/kobushicup\/#organization"},"potentialAction":[{"@type":"SearchAction","target":{"@type":"EntryPoint","urlTemplate":"http:\/\/box5139.temp.domains\/~cngstudi\/kobushicup\/?s={search_term_string}"},"query-input":{"@type":"PropertyValueSpecification","valueRequired":true,"valueName":"search_term_string"}}],"inLanguage":"es"},{"@type":"Organization","@id":"http:\/\/box5139.temp.domains\/~cngstudi\/kobushicup\/#organization","name":"Copa Kobushi","url":"http:\/\/box5139.temp.domains\/~cngstudi\/kobushicup\/","logo":{"@type":"ImageObject","inLanguage":"es","@id":"http:\/\/box5139.temp.domains\/~cngstudi\/kobushicup\/#\/schema\/logo\/image\/","url":"https:\/\/i0.wp.com\/www.kobushicup.com\/wp-content\/uploads\/2023\/02\/Kobushi-Cup-Logo-Small-01%400.5x.png?fit=72%2C72&ssl=1","contentUrl":"https:\/\/i0.wp.com\/www.kobushicup.com\/wp-content\/uploads\/2023\/02\/Kobushi-Cup-Logo-Small-01%400.5x.png?fit=72%2C72&ssl=1","width":72,"height":72,"caption":"Kobushi Cup"},"image":{"@id":"http:\/\/box5139.temp.domains\/~cngstudi\/kobushicup\/#\/schema\/logo\/image\/"},"sameAs":["https:\/\/www.instagram.com\/shihan_quintero\/"]}]}},"jetpack_sharing_enabled":true,"_links":{"self":[{"href":"https:\/\/www.kobushicup.com\/es\/wp-json\/wp\/v2\/pages\/19","targetHints":{"allow":["GET"]}}],"collection":[{"href":"https:\/\/www.kobushicup.com\/es\/wp-json\/wp\/v2\/pages"}],"about":[{"href":"https:\/\/www.kobushicup.com\/es\/wp-json\/wp\/v2\/types\/page"}],"author":[{"embeddable":true,"href":"https:\/\/www.kobushicup.com\/es\/wp-json\/wp\/v2\/users\/1"}],"replies":[{"embeddable":true,"href":"https:\/\/www.kobushicup.com\/es\/wp-json\/wp\/v2\/comments?post=19"}],"version-history":[{"count":17,"href":"https:\/\/www.kobushicup.com\/es\/wp-json\/wp\/v2\/pages\/19\/revisions"}],"predecessor-version":[{"id":1468,"href":"https:\/\/www.kobushicup.com\/es\/wp-json\/wp\/v2\/pages\/19\/revisions\/1468"}],"wp:featuredmedia":[{"embeddable":true,"href":"https:\/\/www.kobushicup.com\/es\/wp-json\/wp\/v2\/media\/1499"}],"wp:attachment":[{"href":"https:\/\/www.kobushicup.com\/es\/wp-json\/wp\/v2\/media?parent=19"}],"curies":[{"name":"wp","href":"https:\/\/api.w.org\/{rel}","templated":true}]}}