{"id":21,"date":"2016-09-05T20:27:12","date_gmt":"2016-09-05T20:27:12","guid":{"rendered":"http:\/\/demos.famethemes.com\/screenr\/?page_id=21"},"modified":"2026-02-08T05:39:24","modified_gmt":"2026-02-08T05:39:24","slug":"kumite-rules","status":"publish","type":"page","link":"https:\/\/www.kobushicup.com\/es\/kumite-rules\/","title":{"rendered":"Reglas y Regulaciones de Kumite"},"content":{"rendered":"<div class=\"entry-content\">\n<h3><strong><span style=\"color: #444444; font-family: Montserrat, Helvetica, Arial, sans-serif; font-size: 1.375rem;\">Divisions, Time and Elimination<\/span><\/strong><\/h3>\n<ul>\n<li>\n<h3><strong>First timer, Beginner, Novice<\/strong><\/h3>\n<ul>\n<li>All ages.<\/li>\n<li>Time: 1 1\/2 minutes.<\/li>\n<li>Type of Elimination: Single Elimination.<\/li>\n<\/ul>\n<\/li>\n<li>\n<h3><strong>Intermediate<\/strong><\/h3>\n<ul>\n<li>All ages.<\/li>\n<li>Time: 1 1\/2 minutes.<\/li>\n<li>Type of Elimination: Repechage.<\/li>\n<\/ul>\n<\/li>\n<li>\n<h3><strong>Advanced (up to 11 years old)<\/strong><\/h3>\n<ul>\n<li>11 years old or younger.<\/li>\n<li>Time: 1 1\/2 minutes.<\/li>\n<li>Type of Elimination: Repechage.<\/li>\n<\/ul>\n<\/li>\n<li>\n<h3><strong>Advanced (12-17 years old)<\/strong><\/h3>\n<ul>\n<li>12 to 17 years old.<\/li>\n<li>Time: 2 minutes.<\/li>\n<li>Type of Elimination: Repechage.<\/li>\n<\/ul>\n<\/li>\n<li>\n<h3><strong>Advanced (18-34 years old)<\/strong><\/h3>\n<ul>\n<li>18 to 34 years old.<\/li>\n<li>Time: 3 minutes.<\/li>\n<li>Type of Elimination: Repechage.<\/li>\n<\/ul>\n<\/li>\n<li>\n<h3><strong>Advanced (35+ years old)<\/strong><\/h3>\n<ul>\n<li>35+ years old and older.<\/li>\n<li>Time: 2 minutes.<\/li>\n<li>Type of Elimination: Repechage.<\/li>\n<\/ul>\n<\/li>\n<\/ul>\n<p><strong><span style=\"color: #444444; font-family: Montserrat, Helvetica, Arial, sans-serif; font-size: 1.375rem;\">Contact to the face<\/span><\/strong><\/p>\n<ul>\n<li><strong>13 year old or younger.<\/strong>\n<ul>\n<li>Any contact to the face with hand or feet will be penalized.<\/li>\n<\/ul>\n<\/li>\n<li><strong>14 and 15 years old.<\/strong>\n<ul>\n<li>Any hand contact to the face will be penalized.<\/li>\n<li>Slight touch to the face with the feet will score.<\/li>\n<\/ul>\n<\/li>\n<li><strong>16 year old or older.<\/strong>\n<ul>\n<li>Slight touch to the face with the hand or feet will score.<\/li>\n<\/ul>\n<\/li>\n<\/ul>\n<div id=\"toolbar-0901f2da-e61b-4c44-816f-5bab9f73c4ed\" class=\"block-library-classic__toolbar\" data-placeholder=\"Classic\">\n<div id=\"mceu_51\" class=\"mce-tinymce mce-tinymce-inline mce-container mce-panel\" tabindex=\"-1\" role=\"application\">\n<div id=\"mceu_51-body\" class=\"mce-container-body mce-abs-layout\">\n<div id=\"mceu_52\" class=\"mce-toolbar-grp mce-container mce-panel mce-abs-layout-item mce-first mce-last\" tabindex=\"-1\" role=\"group\">\n<div id=\"mceu_52-body\" class=\"mce-container-body mce-stack-layout\">\n<div id=\"mceu_53\" class=\"mce-container mce-toolbar mce-stack-layout-item mce-first\" role=\"toolbar\">\n<div id=\"mceu_53-body\" class=\"mce-container-body mce-flow-layout\">\n<div id=\"mceu_54\" class=\"mce-container mce-flow-layout-item mce-first mce-last mce-btn-group\" role=\"group\">\n<div id=\"mceu_54-body\">\n<div id=\"mceu_26\" class=\"mce-widget mce-btn mce-menubtn mce-fixed-width mce-listbox mce-first mce-btn-has-text\" tabindex=\"-1\" role=\"button\" aria-labelledby=\"mceu_26\" aria-haspopup=\"true\"><button id=\"mceu_26-open\" tabindex=\"-1\" role=\"presentation\" type=\"button\"><span class=\"mce-txt\">Heading 3<\/span><i class=\"mce-caret\"><\/i><\/button><\/div>\n<div id=\"mceu_27\" class=\"mce-widget mce-btn mce-active\" tabindex=\"-1\" role=\"button\" aria-pressed=\"true\" aria-label=\"Bold (Ctrl+B)\"><\/div>\n<div id=\"mceu_28\" class=\"mce-widget mce-btn\" tabindex=\"-1\" role=\"button\" aria-pressed=\"false\" aria-label=\"Italic (Ctrl+I)\"><\/div>\n<div id=\"mceu_29\" class=\"mce-widget mce-btn\" tabindex=\"-1\" role=\"button\" aria-pressed=\"false\" aria-label=\"Bulleted list (Shift+Alt+U)\"><\/div>\n<div id=\"mceu_30\" class=\"mce-widget mce-btn\" tabindex=\"-1\" role=\"button\" aria-pressed=\"false\" aria-label=\"Numbered list (Shift+Alt+O)\"><\/div>\n<div id=\"mceu_31\" class=\"mce-widget mce-btn\" tabindex=\"-1\" role=\"button\" aria-pressed=\"false\" aria-label=\"Blockquote (Shift+Alt+Q)\"><\/div>\n<div id=\"mceu_32\" class=\"mce-widget mce-btn\" tabindex=\"-1\" role=\"button\" aria-pressed=\"false\" aria-label=\"Align left (Shift+Alt+L)\"><\/div>\n<div id=\"mceu_33\" class=\"mce-widget mce-btn\" tabindex=\"-1\" role=\"button\" aria-pressed=\"false\" aria-label=\"Align center (Shift+Alt+C)\"><\/div>\n<div id=\"mceu_34\" class=\"mce-widget mce-btn\" tabindex=\"-1\" role=\"button\" aria-pressed=\"false\" aria-label=\"Align right (Shift+Alt+R)\"><\/div>\n<div id=\"mceu_35\" class=\"mce-widget mce-btn\" tabindex=\"-1\" role=\"button\" aria-pressed=\"false\" aria-label=\"Insert\/edit link (Ctrl+K)\"><\/div>\n<div id=\"mceu_36\" class=\"mce-widget mce-btn\" tabindex=\"-1\" role=\"button\" aria-label=\"Remove link (Shift+Alt+S)\"><\/div>\n<div id=\"mceu_37\" class=\"mce-widget mce-btn\" tabindex=\"-1\" role=\"button\" aria-label=\"Insert Read More tag (Shift+Alt+T)\"><\/div>\n<div id=\"mceu_38\" class=\"mce-widget mce-btn\" tabindex=\"-1\" role=\"button\" aria-label=\"Add Media (Shift+Alt+M)\"><\/div>\n<div id=\"mceu_39\" class=\"mce-widget mce-btn mce-last mce-active\" tabindex=\"-1\" role=\"button\" aria-label=\"Toolbar Toggle (Shift+Alt+Z)\" aria-pressed=\"true\"><\/div>\n<\/div>\n<\/div>\n<\/div>\n<\/div>\n<\/div>\n<\/div>\n<\/div>\n<\/div>\n<\/div>\n<div id=\"editor-0901f2da-e61b-4c44-816f-5bab9f73c4ed\" class=\"wp-block-freeform block-library-rich-text__tinymce mce-content-body html5-captions mce-edit-focus\" contenteditable=\"true\">\n<div class=\"entry-content\">\n<p><strong><span style=\"color: #444444; font-family: Montserrat, Helvetica, Arial, sans-serif; font-size: 1.375rem;\">Atoshibaraku<\/span><\/strong><\/p>\n<ul>\n<li>Less than 15 seconds warning.<\/li>\n<li>Avoiding combat during this period will result in Hansokuchui. If the offender had a Seishu, this will be lost.<\/li>\n<\/ul>\n<\/div>\n<\/div>\n<\/div>","protected":false},"excerpt":{"rendered":"<p>Kumite (sparring) rules will follow WKF regulations.<br \/>\nPara m\u00e1s informaci\u00f3n sobre las reglas de las divisiones, tiempo de combate, criterios de eliminaci\u00f3n, atoshibaraku y penalizaciones, revisa esta secci\u00f3n.<\/p>","protected":false},"author":1,"featured_media":1504,"parent":0,"menu_order":0,"comment_status":"closed","ping_status":"closed","template":"","meta":{"nf_dc_page":"","om_disable_all_campaigns":false,"_monsterinsights_skip_tracking":false,"_monsterinsights_sitenote_active":false,"_monsterinsights_sitenote_note":"","_monsterinsights_sitenote_category":0,"footnotes":""},"class_list":["post-21","page","type-page","status-publish","has-post-thumbnail","hentry"],"yoast_head":"<!-- This site is optimized with the Yoast SEO plugin v27.4 - https:\/\/yoast.com\/product\/yoast-seo-wordpress\/ -->\n<title>Kumite rules and regulations - Kobushi Cup<\/title>\n<meta name=\"robots\" content=\"index, follow, max-snippet:-1, max-image-preview:large, max-video-preview:-1\" \/>\n<link rel=\"canonical\" href=\"https:\/\/www.kobushicup.com\/es\/kumite-rules\/\" \/>\n<meta property=\"og:locale\" content=\"es_ES\" \/>\n<meta property=\"og:type\" content=\"article\" \/>\n<meta property=\"og:title\" content=\"Kumite rules and regulations - Kobushi Cup\" \/>\n<meta property=\"og:description\" content=\"Kumite (sparring) rules will follow WKF regulations. For more information about Division rules, time, elimination criteria, atoshibaraku and penalizations, review this.\" \/>\n<meta property=\"og:url\" content=\"https:\/\/www.kobushicup.com\/es\/kumite-rules\/\" \/>\n<meta property=\"og:site_name\" content=\"Kobushi Cup\" \/>\n<meta property=\"article:modified_time\" content=\"2026-02-08T05:39:24+00:00\" \/>\n<meta property=\"og:image\" content=\"https:\/\/www.kobushicup.com\/wp-content\/uploads\/2026\/02\/Kumite.jpg\" \/>\n\t<meta property=\"og:image:width\" content=\"1004\" \/>\n\t<meta property=\"og:image:height\" content=\"576\" \/>\n\t<meta property=\"og:image:type\" content=\"image\/jpeg\" \/>\n<meta name=\"twitter:card\" content=\"summary_large_image\" \/>\n<meta name=\"twitter:label1\" content=\"Tiempo estimado de lectura\" \/>\n\t<meta name=\"twitter:data1\" content=\"2 minutos\" \/>\n<script type=\"application\/ld+json\" class=\"yoast-schema-graph\">{\"@context\":\"https:\\\/\\\/schema.org\",\"@graph\":[{\"@type\":\"WebPage\",\"@id\":\"https:\\\/\\\/www.kobushicup.com\\\/kumite-rules\\\/\",\"url\":\"https:\\\/\\\/www.kobushicup.com\\\/kumite-rules\\\/\",\"name\":\"Kumite rules and regulations - Kobushi Cup\",\"isPartOf\":{\"@id\":\"http:\\\/\\\/box5139.temp.domains\\\/~cngstudi\\\/kobushicup\\\/#website\"},\"primaryImageOfPage\":{\"@id\":\"https:\\\/\\\/www.kobushicup.com\\\/kumite-rules\\\/#primaryimage\"},\"image\":{\"@id\":\"https:\\\/\\\/www.kobushicup.com\\\/kumite-rules\\\/#primaryimage\"},\"thumbnailUrl\":\"https:\\\/\\\/i0.wp.com\\\/www.kobushicup.com\\\/wp-content\\\/uploads\\\/2026\\\/02\\\/Kumite.jpg?fit=1004%2C576&ssl=1\",\"datePublished\":\"2016-09-05T20:27:12+00:00\",\"dateModified\":\"2026-02-08T05:39:24+00:00\",\"breadcrumb\":{\"@id\":\"https:\\\/\\\/www.kobushicup.com\\\/kumite-rules\\\/#breadcrumb\"},\"inLanguage\":\"es\",\"potentialAction\":[{\"@type\":\"ReadAction\",\"target\":[\"https:\\\/\\\/www.kobushicup.com\\\/kumite-rules\\\/\"]}]},{\"@type\":\"ImageObject\",\"inLanguage\":\"es\",\"@id\":\"https:\\\/\\\/www.kobushicup.com\\\/kumite-rules\\\/#primaryimage\",\"url\":\"https:\\\/\\\/i0.wp.com\\\/www.kobushicup.com\\\/wp-content\\\/uploads\\\/2026\\\/02\\\/Kumite.jpg?fit=1004%2C576&ssl=1\",\"contentUrl\":\"https:\\\/\\\/i0.wp.com\\\/www.kobushicup.com\\\/wp-content\\\/uploads\\\/2026\\\/02\\\/Kumite.jpg?fit=1004%2C576&ssl=1\",\"width\":1004,\"height\":576},{\"@type\":\"BreadcrumbList\",\"@id\":\"https:\\\/\\\/www.kobushicup.com\\\/kumite-rules\\\/#breadcrumb\",\"itemListElement\":[{\"@type\":\"ListItem\",\"position\":1,\"name\":\"Home\",\"item\":\"http:\\\/\\\/box5139.temp.domains\\\/~cngstudi\\\/kobushicup\\\/\"},{\"@type\":\"ListItem\",\"position\":2,\"name\":\"Kumite rules and regulations\"}]},{\"@type\":\"WebSite\",\"@id\":\"http:\\\/\\\/box5139.temp.domains\\\/~cngstudi\\\/kobushicup\\\/#website\",\"url\":\"http:\\\/\\\/box5139.temp.domains\\\/~cngstudi\\\/kobushicup\\\/\",\"name\":\"Kobushi Cup\",\"description\":\"The Miami Classic\",\"publisher\":{\"@id\":\"http:\\\/\\\/box5139.temp.domains\\\/~cngstudi\\\/kobushicup\\\/#organization\"},\"potentialAction\":[{\"@type\":\"SearchAction\",\"target\":{\"@type\":\"EntryPoint\",\"urlTemplate\":\"http:\\\/\\\/box5139.temp.domains\\\/~cngstudi\\\/kobushicup\\\/?s={search_term_string}\"},\"query-input\":{\"@type\":\"PropertyValueSpecification\",\"valueRequired\":true,\"valueName\":\"search_term_string\"}}],\"inLanguage\":\"es\"},{\"@type\":\"Organization\",\"@id\":\"http:\\\/\\\/box5139.temp.domains\\\/~cngstudi\\\/kobushicup\\\/#organization\",\"name\":\"Kobushi Cup\",\"url\":\"http:\\\/\\\/box5139.temp.domains\\\/~cngstudi\\\/kobushicup\\\/\",\"logo\":{\"@type\":\"ImageObject\",\"inLanguage\":\"es\",\"@id\":\"http:\\\/\\\/box5139.temp.domains\\\/~cngstudi\\\/kobushicup\\\/#\\\/schema\\\/logo\\\/image\\\/\",\"url\":\"https:\\\/\\\/i0.wp.com\\\/www.kobushicup.com\\\/wp-content\\\/uploads\\\/2023\\\/02\\\/Kobushi-Cup-Logo-Small-01%400.5x.png?fit=72%2C72&ssl=1\",\"contentUrl\":\"https:\\\/\\\/i0.wp.com\\\/www.kobushicup.com\\\/wp-content\\\/uploads\\\/2023\\\/02\\\/Kobushi-Cup-Logo-Small-01%400.5x.png?fit=72%2C72&ssl=1\",\"width\":72,\"height\":72,\"caption\":\"Kobushi Cup\"},\"image\":{\"@id\":\"http:\\\/\\\/box5139.temp.domains\\\/~cngstudi\\\/kobushicup\\\/#\\\/schema\\\/logo\\\/image\\\/\"},\"sameAs\":[\"https:\\\/\\\/www.instagram.com\\\/shihan_quintero\\\/\"]}]}<\/script>\n<!-- \/ Yoast SEO plugin. -->","yoast_head_json":{"title":"Kumite rules and regulations - Kobushi Cup","robots":{"index":"index","follow":"follow","max-snippet":"max-snippet:-1","max-image-preview":"max-image-preview:large","max-video-preview":"max-video-preview:-1"},"canonical":"https:\/\/www.kobushicup.com\/es\/kumite-rules\/","og_locale":"es_ES","og_type":"article","og_title":"Kumite rules and regulations - Kobushi Cup","og_description":"Kumite (sparring) rules will follow WKF regulations. For more information about Division rules, time, elimination criteria, atoshibaraku and penalizations, review this.","og_url":"https:\/\/www.kobushicup.com\/es\/kumite-rules\/","og_site_name":"Kobushi Cup","article_modified_time":"2026-02-08T05:39:24+00:00","og_image":[{"width":1004,"height":576,"url":"https:\/\/www.kobushicup.com\/wp-content\/uploads\/2026\/02\/Kumite.jpg","type":"image\/jpeg"}],"twitter_card":"summary_large_image","twitter_misc":{"Tiempo estimado de lectura":"2 minutos"},"schema":{"@context":"https:\/\/schema.org","@graph":[{"@type":"WebPage","@id":"https:\/\/www.kobushicup.com\/kumite-rules\/","url":"https:\/\/www.kobushicup.com\/kumite-rules\/","name":"Kumite rules and regulations - Kobushi Cup","isPartOf":{"@id":"http:\/\/box5139.temp.domains\/~cngstudi\/kobushicup\/#website"},"primaryImageOfPage":{"@id":"https:\/\/www.kobushicup.com\/kumite-rules\/#primaryimage"},"image":{"@id":"https:\/\/www.kobushicup.com\/kumite-rules\/#primaryimage"},"thumbnailUrl":"https:\/\/i0.wp.com\/www.kobushicup.com\/wp-content\/uploads\/2026\/02\/Kumite.jpg?fit=1004%2C576&ssl=1","datePublished":"2016-09-05T20:27:12+00:00","dateModified":"2026-02-08T05:39:24+00:00","breadcrumb":{"@id":"https:\/\/www.kobushicup.com\/kumite-rules\/#breadcrumb"},"inLanguage":"es","potentialAction":[{"@type":"ReadAction","target":["https:\/\/www.kobushicup.com\/kumite-rules\/"]}]},{"@type":"ImageObject","inLanguage":"es","@id":"https:\/\/www.kobushicup.com\/kumite-rules\/#primaryimage","url":"https:\/\/i0.wp.com\/www.kobushicup.com\/wp-content\/uploads\/2026\/02\/Kumite.jpg?fit=1004%2C576&ssl=1","contentUrl":"https:\/\/i0.wp.com\/www.kobushicup.com\/wp-content\/uploads\/2026\/02\/Kumite.jpg?fit=1004%2C576&ssl=1","width":1004,"height":576},{"@type":"BreadcrumbList","@id":"https:\/\/www.kobushicup.com\/kumite-rules\/#breadcrumb","itemListElement":[{"@type":"ListItem","position":1,"name":"Home","item":"http:\/\/box5139.temp.domains\/~cngstudi\/kobushicup\/"},{"@type":"ListItem","position":2,"name":"Kumite rules and regulations"}]},{"@type":"WebSite","@id":"http:\/\/box5139.temp.domains\/~cngstudi\/kobushicup\/#website","url":"http:\/\/box5139.temp.domains\/~cngstudi\/kobushicup\/","name":"Copa Kobushi","description":"The Miami Classic","publisher":{"@id":"http:\/\/box5139.temp.domains\/~cngstudi\/kobushicup\/#organization"},"potentialAction":[{"@type":"SearchAction","target":{"@type":"EntryPoint","urlTemplate":"http:\/\/box5139.temp.domains\/~cngstudi\/kobushicup\/?s={search_term_string}"},"query-input":{"@type":"PropertyValueSpecification","valueRequired":true,"valueName":"search_term_string"}}],"inLanguage":"es"},{"@type":"Organization","@id":"http:\/\/box5139.temp.domains\/~cngstudi\/kobushicup\/#organization","name":"Copa Kobushi","url":"http:\/\/box5139.temp.domains\/~cngstudi\/kobushicup\/","logo":{"@type":"ImageObject","inLanguage":"es","@id":"http:\/\/box5139.temp.domains\/~cngstudi\/kobushicup\/#\/schema\/logo\/image\/","url":"https:\/\/i0.wp.com\/www.kobushicup.com\/wp-content\/uploads\/2023\/02\/Kobushi-Cup-Logo-Small-01%400.5x.png?fit=72%2C72&ssl=1","contentUrl":"https:\/\/i0.wp.com\/www.kobushicup.com\/wp-content\/uploads\/2023\/02\/Kobushi-Cup-Logo-Small-01%400.5x.png?fit=72%2C72&ssl=1","width":72,"height":72,"caption":"Kobushi Cup"},"image":{"@id":"http:\/\/box5139.temp.domains\/~cngstudi\/kobushicup\/#\/schema\/logo\/image\/"},"sameAs":["https:\/\/www.instagram.com\/shihan_quintero\/"]}]}},"jetpack_sharing_enabled":true,"_links":{"self":[{"href":"https:\/\/www.kobushicup.com\/es\/wp-json\/wp\/v2\/pages\/21","targetHints":{"allow":["GET"]}}],"collection":[{"href":"https:\/\/www.kobushicup.com\/es\/wp-json\/wp\/v2\/pages"}],"about":[{"href":"https:\/\/www.kobushicup.com\/es\/wp-json\/wp\/v2\/types\/page"}],"author":[{"embeddable":true,"href":"https:\/\/www.kobushicup.com\/es\/wp-json\/wp\/v2\/users\/1"}],"replies":[{"embeddable":true,"href":"https:\/\/www.kobushicup.com\/es\/wp-json\/wp\/v2\/comments?post=21"}],"version-history":[{"count":6,"href":"https:\/\/www.kobushicup.com\/es\/wp-json\/wp\/v2\/pages\/21\/revisions"}],"predecessor-version":[{"id":1471,"href":"https:\/\/www.kobushicup.com\/es\/wp-json\/wp\/v2\/pages\/21\/revisions\/1471"}],"wp:featuredmedia":[{"embeddable":true,"href":"https:\/\/www.kobushicup.com\/es\/wp-json\/wp\/v2\/media\/1504"}],"wp:attachment":[{"href":"https:\/\/www.kobushicup.com\/es\/wp-json\/wp\/v2\/media?parent=21"}],"curies":[{"name":"wp","href":"https:\/\/api.w.org\/{rel}","templated":true}]}}